{"id":1336,"date":"2013-04-07T21:13:52","date_gmt":"2013-04-07T21:13:52","guid":{"rendered":"http:\/\/www.kriesi.at\/themes\/enfold\/?page_id=1336"},"modified":"2013-04-07T21:13:52","modified_gmt":"2013-04-07T21:13:52","slug":"blog-grid","status":"publish","type":"page","link":"https:\/\/vdc.is\/iav\/blog\/blog-grid\/","title":{"rendered":"Blog Grid"},"content":{"rendered":"<div   data-autoplay=''  data-interval='5'  data-animation='fade'  data-show_slide_delay='90'  class='avia-content-slider avia-content-grid-active avia-content-slider1 avia-content-slider-odd  avia-builder-el-0  avia-builder-el-no-sibling  '  itemscope=\"itemscope\" itemtype=\"https:\/\/schema.org\/Blog\" ><div class='avia-content-slider-inner'><div class='slide-entry-wrap'><article class='slide-entry flex_column  post-entry post-entry-3294 slide-entry-overview slide-loop-1 slide-parity-odd  av_one_third first fake-thumbnail post-format-standard'  itemscope=\"itemscope\" itemtype=\"https:\/\/schema.org\/CreativeWork\" ><a href='https:\/\/vdc.is\/iav\/ny-frett\/' data-rel='slide-1' class='slide-image' title='N\u00fd fr\u00e9tt'><span class=' fallback-post-type-icon' aria-hidden='true' data-av_icon='\ue836' data-av_iconfont='entypo-fontello'><\/span><span class='slider-fallback-image'><img decoding=\"async\" width=\"495\" height=\"400\" src=\"https:\/\/vdc.is\/iav\/wp-content\/uploads\/2012\/04\/2-1-495x400.jpg\" class=\"wp-image-316 avia-img-lazy-loading-not-316 attachment-portfolio size-portfolio wp-post-image\" alt=\"\" \/><\/span><\/a><div class='slide-content'><header class=\"entry-content-header\"><h3 class='slide-entry-title entry-title '  itemprop=\"headline\" ><a href='https:\/\/vdc.is\/iav\/ny-frett\/' title='N\u00fd fr\u00e9tt'>N\u00fd fr\u00e9tt<\/a><\/h3><span class=\"av-vertical-delimiter\"><\/span><\/header><div class='slide-meta'><div class='slide-meta-comments'><a href='https:\/\/vdc.is\/iav\/ny-frett\/#respond'>0 Comments<\/a><\/div><div class='slide-meta-del'>\/<\/div><time class='slide-meta-time updated'  itemprop=\"datePublished\" datetime=\"2024-04-15T10:23:47+00:00\" >April 15, 2024<\/time><\/div><div class='slide-entry-excerpt entry-content'  itemprop=\"text\" >\n\n<\/div><\/div><footer class=\"entry-footer\"><\/footer><span class='hidden'>\n\t\t\t\t<span class='av-structured-data'  itemprop=\"image\" itemscope=\"itemscope\" itemtype=\"https:\/\/schema.org\/ImageObject\" >\n\t\t\t\t\t\t<span itemprop='url'>https:\/\/vdc.is\/iav\/wp-content\/uploads\/2022\/01\/IAV_CMYK-1-300x167.png<\/span>\n\t\t\t\t\t\t<span itemprop='height'>0<\/span>\n\t\t\t\t\t\t<span itemprop='width'>0<\/span>\n\t\t\t\t<\/span>\n\t\t\t\t<span class='av-structured-data'  itemprop=\"publisher\" itemtype=\"https:\/\/schema.org\/Organization\" itemscope=\"itemscope\" >\n\t\t\t\t\t\t<span itemprop='name'>admin.halli<\/span>\n\t\t\t\t\t\t<span itemprop='logo' itemscope itemtype='https:\/\/schema.org\/ImageObject'>\n\t\t\t\t\t\t\t<span itemprop='url'>https:\/\/vdc.is\/iav\/wp-content\/uploads\/2022\/01\/IAV_CMYK-1-300x167.png<\/span>\n\t\t\t\t\t\t <\/span>\n\t\t\t\t<\/span><span class='av-structured-data'  itemprop=\"author\" itemscope=\"itemscope\" itemtype=\"https:\/\/schema.org\/Person\" ><span itemprop='name'>admin.halli<\/span><\/span><span class='av-structured-data'  itemprop=\"datePublished\" datetime=\"2013-04-07T21:13:52+00:00\" >2024-04-15 10:23:47<\/span><span class='av-structured-data'  itemprop=\"dateModified\" itemtype=\"https:\/\/schema.org\/dateModified\" >2024-04-15 10:27:18<\/span><span class='av-structured-data'  itemprop=\"mainEntityOfPage\" itemtype=\"https:\/\/schema.org\/mainEntityOfPage\" ><span itemprop='name'>N\u00fd fr\u00e9tt<\/span><\/span><\/span><\/article><article class='slide-entry flex_column  post-entry post-entry-1 slide-entry-overview slide-loop-2 slide-parity-even  av_one_third  fake-thumbnail post-format-standard'  itemscope=\"itemscope\" itemtype=\"https:\/\/schema.org\/CreativeWork\" ><a href='https:\/\/vdc.is\/iav\/hello-world\/' data-rel='slide-1' class='slide-image' title='Hello world!'><span class=' fallback-post-type-icon' aria-hidden='true' data-av_icon='\ue836' data-av_iconfont='entypo-fontello'><\/span><span class='slider-fallback-image'><img decoding=\"async\" width=\"495\" height=\"400\" src=\"https:\/\/vdc.is\/iav\/wp-content\/uploads\/2012\/04\/2-1-495x400.jpg\" class=\"wp-image-316 avia-img-lazy-loading-not-316 attachment-portfolio size-portfolio wp-post-image\" alt=\"\" \/><\/span><\/a><div class='slide-content'><header class=\"entry-content-header\"><h3 class='slide-entry-title entry-title '  itemprop=\"headline\" ><a href='https:\/\/vdc.is\/iav\/hello-world\/' title='Hello world!'>Hello world!<\/a><\/h3><span class=\"av-vertical-delimiter\"><\/span><\/header><div class='slide-meta'><div class='slide-meta-comments'><a href='https:\/\/vdc.is\/iav\/hello-world\/#comments'>1 Comment<\/a><\/div><div class='slide-meta-del'>\/<\/div><time class='slide-meta-time updated'  itemprop=\"datePublished\" datetime=\"2022-01-25T15:12:13+00:00\" >January 25, 2022<\/time><\/div><div class='slide-entry-excerpt entry-content'  itemprop=\"text\" >\nWelcome to WordPress. This is your first post. Edit or delete\u2026<\/div><\/div><footer class=\"entry-footer\"><\/footer><span class='hidden'>\n\t\t\t\t<span class='av-structured-data'  itemprop=\"image\" itemscope=\"itemscope\" itemtype=\"https:\/\/schema.org\/ImageObject\" >\n\t\t\t\t\t\t<span itemprop='url'>https:\/\/vdc.is\/iav\/wp-content\/uploads\/2022\/01\/IAV_CMYK-1-300x167.png<\/span>\n\t\t\t\t\t\t<span itemprop='height'>0<\/span>\n\t\t\t\t\t\t<span itemprop='width'>0<\/span>\n\t\t\t\t<\/span>\n\t\t\t\t<span class='av-structured-data'  itemprop=\"publisher\" itemtype=\"https:\/\/schema.org\/Organization\" itemscope=\"itemscope\" >\n\t\t\t\t\t\t<span itemprop='name'>admin.halli<\/span>\n\t\t\t\t\t\t<span itemprop='logo' itemscope itemtype='https:\/\/schema.org\/ImageObject'>\n\t\t\t\t\t\t\t<span itemprop='url'>https:\/\/vdc.is\/iav\/wp-content\/uploads\/2022\/01\/IAV_CMYK-1-300x167.png<\/span>\n\t\t\t\t\t\t <\/span>\n\t\t\t\t<\/span><span class='av-structured-data'  itemprop=\"author\" itemscope=\"itemscope\" itemtype=\"https:\/\/schema.org\/Person\" ><span itemprop='name'>admin.halli<\/span><\/span><span class='av-structured-data'  itemprop=\"datePublished\" datetime=\"2013-04-07T21:13:52+00:00\" >2022-01-25 15:12:13<\/span><span class='av-structured-data'  itemprop=\"dateModified\" itemtype=\"https:\/\/schema.org\/dateModified\" >2022-01-25 15:12:13<\/span><span class='av-structured-data'  itemprop=\"mainEntityOfPage\" itemtype=\"https:\/\/schema.org\/mainEntityOfPage\" ><span itemprop='name'>Hello world!<\/span><\/span><\/span><\/article><article class='slide-entry flex_column  post-entry post-entry-296 slide-entry-overview slide-loop-3 slide-parity-odd  av_one_third  fake-thumbnail post-format-link'  itemscope=\"itemscope\" itemtype=\"https:\/\/schema.org\/CreativeWork\" ><a href='http:\/\/www.kriesi.at' data-rel='slide-1' class='slide-image' title='This is a post  with post format of type Link'><span class=' fallback-post-type-icon' aria-hidden='true' data-av_icon='\ue822' data-av_iconfont='entypo-fontello'><\/span><span class='slider-fallback-image'><img decoding=\"async\" width=\"495\" height=\"400\" src=\"https:\/\/vdc.is\/iav\/wp-content\/uploads\/2012\/04\/2-1-495x400.jpg\" class=\"wp-image-316 avia-img-lazy-loading-not-316 attachment-portfolio size-portfolio wp-post-image\" alt=\"\" \/><\/span><\/a><div class='slide-content'><header class=\"entry-content-header\"><h3 class='slide-entry-title entry-title '  itemprop=\"headline\" ><a href='http:\/\/www.kriesi.at' title='This is a post  with post format of type Link'>This is a post  with post format of type Link<\/a><\/h3><span class=\"av-vertical-delimiter\"><\/span><\/header><div class='slide-meta'><div class='slide-meta-comments'><a href='http:\/\/www.kriesi.at#respond'>0 Comments<\/a><\/div><div class='slide-meta-del'>\/<\/div><time class='slide-meta-time updated'  itemprop=\"datePublished\" datetime=\"2012-01-17T20:00:25+00:00\" >January 17, 2012<\/time><\/div><div class='slide-entry-excerpt entry-content'  itemprop=\"text\" >http:\/\/www.kriesi.at\n\nLorem ipsum dolor sit amet, consectetuer\u2026<\/div><\/div><footer class=\"entry-footer\"><\/footer><span class='hidden'>\n\t\t\t\t<span class='av-structured-data'  itemprop=\"image\" itemscope=\"itemscope\" itemtype=\"https:\/\/schema.org\/ImageObject\" >\n\t\t\t\t\t\t<span itemprop='url'>https:\/\/vdc.is\/iav\/wp-content\/uploads\/2022\/01\/IAV_CMYK-1-300x167.png<\/span>\n\t\t\t\t\t\t<span itemprop='height'>0<\/span>\n\t\t\t\t\t\t<span itemprop='width'>0<\/span>\n\t\t\t\t<\/span>\n\t\t\t\t<span class='av-structured-data'  itemprop=\"publisher\" itemtype=\"https:\/\/schema.org\/Organization\" itemscope=\"itemscope\" >\n\t\t\t\t\t\t<span itemprop='name'>admin.halli<\/span>\n\t\t\t\t\t\t<span itemprop='logo' itemscope itemtype='https:\/\/schema.org\/ImageObject'>\n\t\t\t\t\t\t\t<span itemprop='url'>https:\/\/vdc.is\/iav\/wp-content\/uploads\/2022\/01\/IAV_CMYK-1-300x167.png<\/span>\n\t\t\t\t\t\t <\/span>\n\t\t\t\t<\/span><span class='av-structured-data'  itemprop=\"author\" itemscope=\"itemscope\" itemtype=\"https:\/\/schema.org\/Person\" ><span itemprop='name'>admin.halli<\/span><\/span><span class='av-structured-data'  itemprop=\"datePublished\" datetime=\"2013-04-07T21:13:52+00:00\" >2012-01-17 20:00:25<\/span><span class='av-structured-data'  itemprop=\"dateModified\" itemtype=\"https:\/\/schema.org\/dateModified\" >2012-01-17 20:00:25<\/span><span class='av-structured-data'  itemprop=\"mainEntityOfPage\" itemtype=\"https:\/\/schema.org\/mainEntityOfPage\" ><span itemprop='name'>This is a post  with post format of type Link<\/span><\/span><\/span><\/article><\/div><div class='slide-entry-wrap'><article class='slide-entry flex_column  post-entry post-entry-282 slide-entry-overview slide-loop-4 slide-parity-odd  av_one_third first real-thumbnail post-format-standard'  itemscope=\"itemscope\" itemtype=\"https:\/\/schema.org\/CreativeWork\" ><a href='https:\/\/vdc.is\/iav\/this-is-a-nice-post\/' data-rel='slide-1' class='slide-image' title='This is a standard post format with preview Picture'><img decoding=\"async\" width=\"495\" height=\"400\" src=\"https:\/\/vdc.is\/iav\/wp-content\/uploads\/2012\/04\/2-1-495x400.jpg\" class=\"wp-image-316 avia-img-lazy-loading-not-316 attachment-portfolio size-portfolio wp-post-image\" alt=\"\" \/><\/a><div class='slide-content'><header class=\"entry-content-header\"><h3 class='slide-entry-title entry-title '  itemprop=\"headline\" ><a href='https:\/\/vdc.is\/iav\/this-is-a-nice-post\/' title='This is a standard post format with preview Picture'>This is a standard post format with preview Picture<\/a><\/h3><span class=\"av-vertical-delimiter\"><\/span><\/header><div class='slide-meta'><div class='slide-meta-comments'><a href='https:\/\/vdc.is\/iav\/this-is-a-nice-post\/#respond'>0 Comments<\/a><\/div><div class='slide-meta-del'>\/<\/div><time class='slide-meta-time updated'  itemprop=\"datePublished\" datetime=\"2012-01-14T13:13:53+00:00\" >January 14, 2012<\/time><\/div><div class='slide-entry-excerpt entry-content'  itemprop=\"text\" >Lorem ipsum dolor sit amet, consectetuer adipiscing elit. Aenean\u2026<\/div><\/div><footer class=\"entry-footer\"><\/footer><span class='hidden'>\n\t\t\t\t<span class='av-structured-data'  itemprop=\"image\" itemscope=\"itemscope\" itemtype=\"https:\/\/schema.org\/ImageObject\" >\n\t\t\t\t\t\t<span itemprop='url'>https:\/\/vdc.is\/iav\/wp-content\/uploads\/2012\/04\/2-1.jpg<\/span>\n\t\t\t\t\t\t<span itemprop='height'>650<\/span>\n\t\t\t\t\t\t<span itemprop='width'>1000<\/span>\n\t\t\t\t<\/span>\n\t\t\t\t<span class='av-structured-data'  itemprop=\"publisher\" itemtype=\"https:\/\/schema.org\/Organization\" itemscope=\"itemscope\" >\n\t\t\t\t\t\t<span itemprop='name'>admin.halli<\/span>\n\t\t\t\t\t\t<span itemprop='logo' itemscope itemtype='https:\/\/schema.org\/ImageObject'>\n\t\t\t\t\t\t\t<span itemprop='url'>https:\/\/vdc.is\/iav\/wp-content\/uploads\/2022\/01\/IAV_CMYK-1-300x167.png<\/span>\n\t\t\t\t\t\t <\/span>\n\t\t\t\t<\/span><span class='av-structured-data'  itemprop=\"author\" itemscope=\"itemscope\" itemtype=\"https:\/\/schema.org\/Person\" ><span itemprop='name'>admin.halli<\/span><\/span><span class='av-structured-data'  itemprop=\"datePublished\" datetime=\"2013-04-07T21:13:52+00:00\" >2012-01-14 13:13:53<\/span><span class='av-structured-data'  itemprop=\"dateModified\" itemtype=\"https:\/\/schema.org\/dateModified\" >2012-01-14 13:13:53<\/span><span class='av-structured-data'  itemprop=\"mainEntityOfPage\" itemtype=\"https:\/\/schema.org\/mainEntityOfPage\" ><span itemprop='name'>This is a standard post format with preview Picture<\/span><\/span><\/span><\/article><article class='slide-entry flex_column  post-entry post-entry-254 slide-entry-overview slide-loop-5 slide-parity-even  av_one_third  fake-thumbnail post-format-quote'  itemscope=\"itemscope\" itemtype=\"https:\/\/schema.org\/CreativeWork\" ><a href='https:\/\/vdc.is\/iav\/nullam-dictum-felis-eu-pede-mollis-pretium-integer-tincidunt-cras-dapibus-vivamus-elementum-semper-nisi-aenean-vulputate-eleifend-tellus\/' data-rel='slide-1' class='slide-image' title='Post Formats is a theme feature introduced with Version 3.1. Post Formats can be used by a theme to customize its presentation of a post.'><span class=' fallback-post-type-icon' aria-hidden='true' data-av_icon='\ue833' data-av_iconfont='entypo-fontello'><\/span><span class='slider-fallback-image'><img decoding=\"async\" width=\"495\" height=\"400\" src=\"https:\/\/vdc.is\/iav\/wp-content\/uploads\/2012\/04\/2-1-495x400.jpg\" class=\"wp-image-316 avia-img-lazy-loading-not-316 attachment-portfolio size-portfolio wp-post-image\" alt=\"\" \/><\/span><\/a><div class='slide-content'><header class=\"entry-content-header\"><h3 class='slide-entry-title entry-title '  itemprop=\"headline\" ><a href='https:\/\/vdc.is\/iav\/nullam-dictum-felis-eu-pede-mollis-pretium-integer-tincidunt-cras-dapibus-vivamus-elementum-semper-nisi-aenean-vulputate-eleifend-tellus\/' title='Post Formats is a theme feature introduced with Version 3.1. Post Formats can be used by a theme to customize its presentation of a post.'>Post Formats is a theme feature introduced with Version 3.1. Post Formats can be used by a theme to customize its presentation of a post.<\/a><\/h3><span class=\"av-vertical-delimiter\"><\/span><\/header><div class='slide-meta'><div class='slide-meta-comments'><a href='https:\/\/vdc.is\/iav\/nullam-dictum-felis-eu-pede-mollis-pretium-integer-tincidunt-cras-dapibus-vivamus-elementum-semper-nisi-aenean-vulputate-eleifend-tellus\/#comments'>10 Comments<\/a><\/div><div class='slide-meta-del'>\/<\/div><time class='slide-meta-time updated'  itemprop=\"datePublished\" datetime=\"2011-03-28T21:13:11+00:00\" >March 28, 2011<\/time><\/div><div class='slide-entry-excerpt entry-content'  itemprop=\"text\" >Lorem ipsum dolor sit amet, consectetuer adipiscing elit. Aenean\u2026<\/div><\/div><footer class=\"entry-footer\"><\/footer><span class='hidden'>\n\t\t\t\t<span class='av-structured-data'  itemprop=\"image\" itemscope=\"itemscope\" itemtype=\"https:\/\/schema.org\/ImageObject\" >\n\t\t\t\t\t\t<span itemprop='url'><\/span>\n\t\t\t\t\t\t<span itemprop='height'>0<\/span>\n\t\t\t\t\t\t<span itemprop='width'>0<\/span>\n\t\t\t\t<\/span>\n\t\t\t\t<span class='av-structured-data'  itemprop=\"publisher\" itemtype=\"https:\/\/schema.org\/Organization\" itemscope=\"itemscope\" >\n\t\t\t\t\t\t<span itemprop='name'>admin.halli<\/span>\n\t\t\t\t\t\t<span itemprop='logo' itemscope itemtype='https:\/\/schema.org\/ImageObject'>\n\t\t\t\t\t\t\t<span itemprop='url'>https:\/\/vdc.is\/iav\/wp-content\/uploads\/2022\/01\/IAV_CMYK-1-300x167.png<\/span>\n\t\t\t\t\t\t <\/span>\n\t\t\t\t<\/span><span class='av-structured-data'  itemprop=\"author\" itemscope=\"itemscope\" itemtype=\"https:\/\/schema.org\/Person\" ><span itemprop='name'>admin.halli<\/span><\/span><span class='av-structured-data'  itemprop=\"datePublished\" datetime=\"2013-04-07T21:13:52+00:00\" >2011-03-28 21:13:11<\/span><span class='av-structured-data'  itemprop=\"dateModified\" itemtype=\"https:\/\/schema.org\/dateModified\" >2011-03-28 21:13:11<\/span><span class='av-structured-data'  itemprop=\"mainEntityOfPage\" itemtype=\"https:\/\/schema.org\/mainEntityOfPage\" ><span itemprop='name'>Post Formats is a theme feature introduced with Version 3.1. Post Formats can be used by a theme to customize its presentation of a post.<\/span><\/span><\/span><\/article><article class='slide-entry flex_column  post-entry post-entry-252 slide-entry-overview slide-loop-6 slide-parity-odd  post-entry-last  av_one_third  real-thumbnail post-format-gallery'  itemscope=\"itemscope\" itemtype=\"https:\/\/schema.org\/CreativeWork\" ><a href='https:\/\/vdc.is\/iav\/aenean-vulputate-eleifend-tellus-aenean-leo-ligula\/' data-rel='slide-1' class='slide-image' title='Postformat Gallery: Multiple images with different sizes'><img decoding=\"async\" width=\"495\" height=\"400\" src=\"https:\/\/vdc.is\/iav\/wp-content\/uploads\/2012\/04\/2-1-495x400.jpg\" class=\"wp-image-316 avia-img-lazy-loading-not-316 attachment-portfolio size-portfolio wp-post-image\" alt=\"\" \/><\/a><div class='slide-content'><header class=\"entry-content-header\"><h3 class='slide-entry-title entry-title '  itemprop=\"headline\" ><a href='https:\/\/vdc.is\/iav\/aenean-vulputate-eleifend-tellus-aenean-leo-ligula\/' title='Postformat Gallery: Multiple images with different sizes'>Postformat Gallery: Multiple images with different sizes<\/a><\/h3><span class=\"av-vertical-delimiter\"><\/span><\/header><div class='slide-meta'><div class='slide-meta-comments'><a href='https:\/\/vdc.is\/iav\/aenean-vulputate-eleifend-tellus-aenean-leo-ligula\/#comments'>1 Comment<\/a><\/div><div class='slide-meta-del'>\/<\/div><time class='slide-meta-time updated'  itemprop=\"datePublished\" datetime=\"2011-02-17T21:11:58+00:00\" >February 17, 2011<\/time><\/div><div class='slide-entry-excerpt entry-content'  itemprop=\"text\" >Nullam dictum felis eu pede mollis pretium. Integer tincidunt.\u2026<\/div><\/div><footer class=\"entry-footer\"><\/footer><span class='hidden'>\n\t\t\t\t<span class='av-structured-data'  itemprop=\"image\" itemscope=\"itemscope\" itemtype=\"https:\/\/schema.org\/ImageObject\" >\n\t\t\t\t\t\t<span itemprop='url'>https:\/\/vdc.is\/iav\/wp-content\/uploads\/2012\/04\/2-1.jpg<\/span>\n\t\t\t\t\t\t<span itemprop='height'>650<\/span>\n\t\t\t\t\t\t<span itemprop='width'>1000<\/span>\n\t\t\t\t<\/span>\n\t\t\t\t<span class='av-structured-data'  itemprop=\"publisher\" itemtype=\"https:\/\/schema.org\/Organization\" itemscope=\"itemscope\" >\n\t\t\t\t\t\t<span itemprop='name'>admin.halli<\/span>\n\t\t\t\t\t\t<span itemprop='logo' itemscope itemtype='https:\/\/schema.org\/ImageObject'>\n\t\t\t\t\t\t\t<span itemprop='url'>https:\/\/vdc.is\/iav\/wp-content\/uploads\/2022\/01\/IAV_CMYK-1-300x167.png<\/span>\n\t\t\t\t\t\t <\/span>\n\t\t\t\t<\/span><span class='av-structured-data'  itemprop=\"author\" itemscope=\"itemscope\" itemtype=\"https:\/\/schema.org\/Person\" ><span itemprop='name'>admin.halli<\/span><\/span><span class='av-structured-data'  itemprop=\"datePublished\" datetime=\"2013-04-07T21:13:52+00:00\" >2011-02-17 21:11:58<\/span><span class='av-structured-data'  itemprop=\"dateModified\" itemtype=\"https:\/\/schema.org\/dateModified\" >2011-02-17 21:11:58<\/span><span class='av-structured-data'  itemprop=\"mainEntityOfPage\" itemtype=\"https:\/\/schema.org\/mainEntityOfPage\" ><span itemprop='name'>Postformat Gallery: Multiple images with different sizes<\/span><\/span><\/span><\/article><\/div><\/div><div class='pagination-wrap pagination-slider'><nav class='pagination'><span class='pagination-meta'>Page 1 of 2<\/span><span class='current'>1<\/span><a href='https:\/\/vdc.is\/iav\/wp-json\/wp\/v2\/pages\/1336\/?avia-element-paging=2' class='inactive next_page' >2<\/a><\/nav>\n<\/div><\/div>\n","protected":false},"excerpt":{"rendered":"","protected":false},"author":1,"featured_media":0,"parent":731,"menu_order":0,"comment_status":"open","ping_status":"open","template":"","meta":{"footnotes":""},"class_list":["post-1336","page","type-page","status-publish","hentry"],"_links":{"self":[{"href":"https:\/\/vdc.is\/iav\/wp-json\/wp\/v2\/pages\/1336","targetHints":{"allow":["GET"]}}],"collection":[{"href":"https:\/\/vdc.is\/iav\/wp-json\/wp\/v2\/pages"}],"about":[{"href":"https:\/\/vdc.is\/iav\/wp-json\/wp\/v2\/types\/page"}],"author":[{"embeddable":true,"href":"https:\/\/vdc.is\/iav\/wp-json\/wp\/v2\/users\/1"}],"replies":[{"embeddable":true,"href":"https:\/\/vdc.is\/iav\/wp-json\/wp\/v2\/comments?post=1336"}],"version-history":[{"count":0,"href":"https:\/\/vdc.is\/iav\/wp-json\/wp\/v2\/pages\/1336\/revisions"}],"up":[{"embeddable":true,"href":"https:\/\/vdc.is\/iav\/wp-json\/wp\/v2\/pages\/731"}],"wp:attachment":[{"href":"https:\/\/vdc.is\/iav\/wp-json\/wp\/v2\/media?parent=1336"}],"curies":[{"name":"wp","href":"https:\/\/api.w.org\/{rel}","templated":true}]}}