{"id":734,"date":"2013-04-01T15:37:54","date_gmt":"2013-04-01T15:37:54","guid":{"rendered":"http:\/\/www.kriesi.at\/themes\/enfold\/?page_id=734"},"modified":"2024-04-15T10:26:59","modified_gmt":"2024-04-15T10:26:59","slug":"homepage","status":"publish","type":"page","link":"https:\/\/vdc.is\/iav\/","title":{"rendered":"Homepage"},"content":{"rendered":"<div id='fullscreen_slider_1'  class='avia-fullscreen-slider main_color   avia-builder-el-0  el_before_av_one_third  avia-builder-el-first   container_wrap sidebar_right'  ><div   data-size='extra_large'  data-lightbox_size='large'  data-animation='slide'  data-conditional_play=''  data-ids='3235,3252'  data-video_counter='0'  data-autoplay='false'  data-bg_slider='true'  data-slide_height='100'  data-handle='av_fullscreen'  data-interval='5'  data-class=' '  data-el_id=''  data-css_id='fullscreen_slider_1'  data-scroll_down=''  data-control_layout='av-control-default'  data-custom_markup=''  data-perma_caption=''  data-autoplay_stopper=''  data-image_attachment=''  data-min_height='0px'  data-lazy_loading='disabled'  data-stretch=''  data-img_scrset=''  data-default-height='100'  class='avia-slideshow avia-slideshow-1  av-control-default av-default-height-applied avia-slideshow-extra_large av_fullscreen   avia-slide-slider '  itemprop=\"image\" itemscope=\"itemscope\" itemtype=\"https:\/\/schema.org\/ImageObject\" ><ul class='avia-slideshow-inner ' style='padding-bottom: 66.666666666667%;' ><li style='background-position:center center;' data-img-url='https:\/\/vdc.is\/iav\/wp-content\/uploads\/2022\/01\/\u00a9Rafn_Sig_3833-001-1500x1000.jpg' class=' slide-1 ' ><div data-rel='slideshow-1' class='avia-slide-wrap '   ><div class = \"caption_fullwidth av-slideshow-caption caption_bottom\"><div class = \"container caption_container\"><div class = \"slideshow_caption\"><div class = \"slideshow_inner_caption\"><div class = \"slideshow_align_caption\"><h2  class='avia-caption-title  '  itemprop=\"name\" >Harpa t\u00f3nleikah\u00fas<\/h2><\/div><\/div><\/div><\/div><\/div><\/div><\/li><li style='background-position:center center;' data-img-url='https:\/\/vdc.is\/iav\/wp-content\/uploads\/2022\/01\/DSC_4385-1500x1000.jpg' class=' slide-2 ' ><div data-rel='slideshow-1' class='avia-slide-wrap '   ><div class = \"caption_fullwidth av-slideshow-caption caption_bottom\"><div class = \"container caption_container\"><div class = \"slideshow_caption\"><div class = \"slideshow_inner_caption\"><div class = \"slideshow_align_caption\"><h2  class='avia-caption-title  '  itemprop=\"name\" >Fj\u00f6lnota \u00ed\u00fer\u00f3ttah\u00fas \u00ed Gar\u00f0ab\u00e6<\/h2><\/div><\/div><\/div><\/div><\/div><\/div><\/li><\/ul><div class='avia-slideshow-arrows avia-slideshow-controls' ><a href='#prev' class='prev-slide ' aria-hidden='true' data-av_icon='\ue87c' data-av_iconfont='entypo-fontello'  tabindex='-1'>Previous<\/a><a href='#next' class='next-slide ' aria-hidden='true' data-av_icon='\ue87d' data-av_iconfont='entypo-fontello'  tabindex='-1'>Next<\/a><\/div><div class='avia-slideshow-dots avia-slideshow-controls'><a href='#1' class='goto-slide active' >1<\/a><a href='#2' class='goto-slide ' >2<\/a><\/div><\/div><\/div><div id='after_full_slider_1'  class='main_color av_default_container_wrap container_wrap sidebar_right'  ><div class='container av-section-cont-open' ><div class='template-page content  av-content-small alpha units'><div class='post-entry post-entry-type-page post-entry-734'><div class='entry-content-wrapper clearfix'>\n<div class='flex_column av-2a4c1a-90dacafb7dd128637550d9b9b9bf0bdc av_one_third  avia-builder-el-1  el_after_av_fullscreen  el_before_av_one_third  avia-builder-el-first  first flex_column_div '   ><style type=\"text\/css\" data-created_by=\"avia_inline_auto\" id=\"style-css-av-kyubytxg-2ba2cba02f2ef3f6ad83bf99e896bd10\">\n.iconbox.av-kyubytxg-2ba2cba02f2ef3f6ad83bf99e896bd10 .iconbox_icon{\nbackground-color:#0070e8;\n}\n<\/style>\n<article  class=\"iconbox iconbox_top av-kyubytxg-2ba2cba02f2ef3f6ad83bf99e896bd10  avia-builder-el-2  avia-builder-el-no-sibling  main_color \"  itemscope=\"itemscope\" itemtype=\"https:\/\/schema.org\/CreativeWork\" ><div class=\"iconbox_content\"><header class=\"entry-content-header\"><div class=\"iconbox_icon heading-color\" aria-hidden='true' data-av_icon='\ue856' data-av_iconfont='entypo-fontello'><\/div><h3 class='iconbox_content_title  '  itemprop=\"headline\" >Mar\u00edugata - Sk\u00f3flustunga<\/h3><\/header><div class='iconbox_content_container  '  itemprop=\"text\" ><p>F\u00f6studaginn 19. n\u00f3vember sl. var tekin <strong>sk\u00f3flustunga<\/strong> fyrir fj\u00f6lb\u00fdlish\u00fas Bjargs og B\u00faseta vi\u00f0 <strong>Mar\u00edug\u00f6tu<\/strong> \u00ed Urri\u00f0aholti \u00ed Gar\u00f0ab\u00e6. Stefnt er a\u00f0 hefja uppsteypu eftir 2 vikur.<\/p>\n<\/div><\/div><footer class=\"entry-footer\"><\/footer><\/article><\/div>\n<div class='flex_column av-20zsvi-9206e769e6fb28566d751a4fa5c40bb1 av_one_third  avia-builder-el-3  el_after_av_one_third  el_before_av_one_third  flex_column_div '   ><style type=\"text\/css\" data-created_by=\"avia_inline_auto\" id=\"style-css-av-kyuc0ya7-6d1c61b40511eb4e5692cf884a6da088\">\n.iconbox.av-kyuc0ya7-6d1c61b40511eb4e5692cf884a6da088 .iconbox_icon{\nbackground-color:#0070e8;\n}\n<\/style>\n<article  class=\"iconbox iconbox_top av-kyuc0ya7-6d1c61b40511eb4e5692cf884a6da088  avia-builder-el-4  avia-builder-el-no-sibling  main_color \"  itemscope=\"itemscope\" itemtype=\"https:\/\/schema.org\/CreativeWork\" ><div class=\"iconbox_content\"><header class=\"entry-content-header\"><div class=\"iconbox_icon heading-color\" aria-hidden='true' data-av_icon='\ue8b8' data-av_iconfont='entypo-fontello'><\/div><h3 class='iconbox_content_title  '  itemprop=\"headline\" >Umhverfisvaktin<\/h3><\/header><div class='iconbox_content_container  '  itemprop=\"text\" ><p>Bjarma \u00e6tlar a\u00f0 gera \u00cdAV v\u00e6nna og gr\u00e6nna fyrirt\u00e6ki \u00e1 komandi misserum. \u00cdAV mun vakta rafmagn, hita og endurvinnslu \u00e1 sorpi. V\u00e6nta m\u00e1 yfirl\u00fdsingar fr\u00e1 henni \u00e1 n\u00e6stu d\u00f6gum.<\/p>\n<\/div><\/div><footer class=\"entry-footer\"><\/footer><\/article><\/div>\n<div class='flex_column av-1ug8xq-171b412bae2237dbbc9a864043a4ee1e av_one_third  avia-builder-el-5  el_after_av_one_third  el_before_av_section  avia-builder-el-last  flex_column_div '   ><style type=\"text\/css\" data-created_by=\"avia_inline_auto\" id=\"style-css-av-kyuc2u8a-03ebb5dfb8465dcc4f484f945060e7a2\">\n.iconbox.av-kyuc2u8a-03ebb5dfb8465dcc4f484f945060e7a2 .iconbox_icon{\nbackground-color:#0070e8;\n}\n<\/style>\n<article  class=\"iconbox iconbox_top av-kyuc2u8a-03ebb5dfb8465dcc4f484f945060e7a2  avia-builder-el-6  avia-builder-el-no-sibling  main_color \"  itemscope=\"itemscope\" itemtype=\"https:\/\/schema.org\/CreativeWork\" ><div class=\"iconbox_content\"><header class=\"entry-content-header\"><div class=\"iconbox_icon heading-color\" aria-hidden='true' data-av_icon='\ue8d7' data-av_iconfont='entypo-fontello'><\/div><h3 class='iconbox_content_title  '  itemprop=\"headline\" >H\u00f6fu\u00f0st\u00f6\u00f0var Vegager\u00f0arinnar<\/h3><\/header><div class='iconbox_content_container  '  itemprop=\"text\" ><p>Um mi\u00f0jan j\u00fan\u00ed h\u00f3f <strong>Vegarger\u00f0in<\/strong> a\u00f0 flytja inn \u00ed n\u00fdjar h\u00f6f\u00f0u\u00f0st\u00f6\u00f0var \u00ed Su\u00f0urhrauni 3 \u00ed Gar\u00f0ab\u00e6 og flutti endanlega alla starfsemi s\u00edna \u00ed h\u00fasi\u00f0 \u00ed byrjun j\u00fal\u00ed.<\/p>\n<\/div><\/div><footer class=\"entry-footer\"><\/footer><\/article><\/div>\n<\/div><\/div><\/div><!-- close content main div --><\/div><\/div><div id='av_section_1'  class='avia-section av-1pgt26-77ec4cdcedc0a2f60cae510755a2418c alternate_color avia-section-large avia-shadow  avia-builder-el-7  el_after_av_one_third  el_before_av_section  avia-bg-style-scroll  container_wrap sidebar_right'  ><div class='container av-section-cont-open' ><div class='template-page content  av-content-small alpha units'><div class='post-entry post-entry-type-page post-entry-734'><div class='entry-content-wrapper clearfix'>\n<div class='flex_column av-1lorom-d20262d71ff04897634f14740e910ad4 av_one_full  avia-builder-el-8  avia-builder-el-no-sibling  first flex_column_div '   ><p><div  class='av-alb-blogposts template-blog  '  itemscope=\"itemscope\" itemtype=\"https:\/\/schema.org\/Blog\" ><article class='post-entry post-entry-type-standard post-entry-3294 post-loop-1 post-parity-odd post-entry-last single-big  post-3294 post type-post status-publish format-standard hentry category-verk'  itemscope=\"itemscope\" itemtype=\"https:\/\/schema.org\/BlogPosting\" ><div class='blog-meta'><\/div><div class='entry-content-wrapper clearfix standard-content'><header class=\"entry-content-header\"><h2 class='post-title entry-title '  itemprop=\"headline\" ><a href=\"https:\/\/vdc.is\/iav\/ny-frett\/\" rel=\"bookmark\" title=\"Permanent Link: N\u00fd fr\u00e9tt\">N\u00fd fr\u00e9tt<span class=\"post-format-icon minor-meta\"><\/span><\/a><\/h2><span class='post-meta-infos'><time class='date-container minor-meta updated' >April 15, 2024<\/time><span class='text-sep text-sep-date'>\/<\/span><span class='comment-container minor-meta'><a href=\"https:\/\/vdc.is\/iav\/ny-frett\/#respond\" class=\"comments-link\" >0 Comments<\/a><\/span><span class='text-sep text-sep-comment'>\/<\/span><span class=\"blog-categories minor-meta\">in <a href=\"https:\/\/vdc.is\/iav\/category\/verk\/\" rel=\"tag\">Verk<\/a> <\/span><span class=\"text-sep text-sep-cat\">\/<\/span><span class=\"blog-author minor-meta\">by <span class=\"entry-author-link\"  itemprop=\"author\" ><span class=\"author\"><span class=\"fn\"><a href=\"https:\/\/vdc.is\/iav\/author\/admin-halli\/\" title=\"Posts by admin.halli\" rel=\"author\">admin.halli<\/a><\/span><\/span><\/span><\/span><\/span><\/header><div class=\"entry-content\"  itemprop=\"text\" ><div class=\"read-more-link\"><a href=\"https:\/\/vdc.is\/iav\/ny-frett\/\" class=\"more-link\">Read more<span class=\"more-link-arrow\"><\/span><\/a><\/div>\n<\/div><footer class=\"entry-footer\"><\/footer><div class='post_delimiter'><\/div><\/div><div class='post_author_timeline'><\/div><span class='hidden'>\n\t\t\t\t<span class='av-structured-data'  itemprop=\"image\" itemscope=\"itemscope\" itemtype=\"https:\/\/schema.org\/ImageObject\" >\n\t\t\t\t\t\t<span itemprop='url'>https:\/\/vdc.is\/iav\/wp-content\/uploads\/2022\/01\/IAV_CMYK-1-300x167.png<\/span>\n\t\t\t\t\t\t<span itemprop='height'>0<\/span>\n\t\t\t\t\t\t<span itemprop='width'>0<\/span>\n\t\t\t\t<\/span>\n\t\t\t\t<span class='av-structured-data'  itemprop=\"publisher\" itemtype=\"https:\/\/schema.org\/Organization\" itemscope=\"itemscope\" >\n\t\t\t\t\t\t<span itemprop='name'>admin.halli<\/span>\n\t\t\t\t\t\t<span itemprop='logo' itemscope itemtype='https:\/\/schema.org\/ImageObject'>\n\t\t\t\t\t\t\t<span itemprop='url'>https:\/\/vdc.is\/iav\/wp-content\/uploads\/2022\/01\/IAV_CMYK-1-300x167.png<\/span>\n\t\t\t\t\t\t <\/span>\n\t\t\t\t<\/span><span class='av-structured-data'  itemprop=\"author\" itemscope=\"itemscope\" itemtype=\"https:\/\/schema.org\/Person\" ><span itemprop='name'>admin.halli<\/span><\/span><span class='av-structured-data'  itemprop=\"datePublished\" datetime=\"2024-04-15T10:23:47+00:00\" >2024-04-15 10:23:47<\/span><span class='av-structured-data'  itemprop=\"dateModified\" itemtype=\"https:\/\/schema.org\/dateModified\" >2024-04-15 10:27:18<\/span><span class='av-structured-data'  itemprop=\"mainEntityOfPage\" itemtype=\"https:\/\/schema.org\/mainEntityOfPage\" ><span itemprop='name'>N\u00fd fr\u00e9tt<\/span><\/span><\/span><\/article><div class='single-big'><\/div><\/div><br \/>\n<section class=\"av_textblock_section \"  itemscope=\"itemscope\" itemtype=\"https:\/\/schema.org\/BlogPosting\" itemprop=\"blogPost\" ><div class='avia_textblock  '   itemprop=\"text\" ><h2 style=\"text-align: center;\">Svipmyndir af verkum sem eru \u00ed vinnslu<\/h2>\n<\/div><\/section><br \/>\n<div  class='hr av-1daeni-0144170086e14d211265b7e2f2c6b5a7 hr-short hr-center '><span class='hr-inner '><span class=\"hr-inner-style\"><\/span><\/span><\/div><br \/>\n<section class=\"av_textblock_section \"  itemscope=\"itemscope\" itemtype=\"https:\/\/schema.org\/BlogPosting\" itemprop=\"blogPost\" ><div class='avia_textblock  '   itemprop=\"text\" ><p style=\"text-align: center;\">H\u00e9r m\u00e1 sj\u00e1 hluta af \u00feeim verkefnum sem \u00cdAV vinnur a\u00f0 \u00feessa stundina. \u00ddtarlegar uppl\u00fdsingar er h\u00e6gt a\u00f0 finna <strong>h\u00e9r<\/strong><\/p>\n<\/div><\/section><br \/>\n\n<style type=\"text\/css\" data-created_by=\"avia_inline_auto\" id=\"style-css-av-4ojp2-210e266dfe34c4dd04428eb06d232538\">\n#top .hr.hr-invisible.av-4ojp2-210e266dfe34c4dd04428eb06d232538{\nheight:70px;\n}\n<\/style>\n<div  class='hr av-4ojp2-210e266dfe34c4dd04428eb06d232538 hr-invisible '><span class='hr-inner '><span class=\"hr-inner-style\"><\/span><\/span><\/div><br \/>\n\n<style type=\"text\/css\" data-created_by=\"avia_inline_auto\" id=\"style-css-av-kyud7r47-fbdf355952c24d2328c13c7efdf18ab7\">\n#top .avia-gallery.av-kyud7r47-fbdf355952c24d2328c13c7efdf18ab7 .avia-gallery-thumb a{\nwidth:33.3333%;\n}\n<\/style>\n<div  class='avia-gallery av-kyud7r47-fbdf355952c24d2328c13c7efdf18ab7 avia_animate_when_visible avia_lazyload avia-gallery-animate  avia-gallery-1'  itemprop=\"image\" itemscope=\"itemscope\" itemtype=\"https:\/\/schema.org\/ImageObject\" ><div class='avia-gallery-thumb'> <a href=\"https:\/\/vdc.is\/iav\/wp-content\/uploads\/2022\/01\/234222_landsbankinn_n2_devsize.jpg\" data-srcset=\"https:\/\/vdc.is\/iav\/wp-content\/uploads\/2022\/01\/234222_landsbankinn_n2_devsize.jpg 600w, https:\/\/vdc.is\/iav\/wp-content\/uploads\/2022\/01\/234222_landsbankinn_n2_devsize-300x190.jpg 300w\" data-sizes=\"(max-width: 600px) 100vw, 600px\" data-rel='gallery-1' data-prev-img='https:\/\/vdc.is\/iav\/wp-content\/uploads\/2022\/01\/234222_landsbankinn_n2_devsize-495x380.jpg' class='first_thumb lightbox ' data-onclick='1' title='N\u00fdr landsbanki'  itemprop=\"thumbnailUrl\"  ><img decoding=\"async\" class=\"wp-image-3265 avia-img-lazy-loading-not-3265\"  data-avia-tooltip='N\u00fdr landsbanki' src=\"https:\/\/vdc.is\/iav\/wp-content\/uploads\/2022\/01\/234222_landsbankinn_n2_devsize-495x380.jpg\" width=\"495\" height=\"380\"  title='234222_landsbankinn_n2_devsize' alt='' \/><\/a> <a href=\"https:\/\/vdc.is\/iav\/wp-content\/uploads\/2022\/01\/20200804_163852.jpg\" data-srcset=\"https:\/\/vdc.is\/iav\/wp-content\/uploads\/2022\/01\/20200804_163852.jpg 600w, https:\/\/vdc.is\/iav\/wp-content\/uploads\/2022\/01\/20200804_163852-300x190.jpg 300w\" data-sizes=\"(max-width: 600px) 100vw, 600px\" data-rel='gallery-1' data-prev-img='https:\/\/vdc.is\/iav\/wp-content\/uploads\/2022\/01\/20200804_163852-495x380.jpg' class='lightbox ' data-onclick='2' title='Dynjandishei\u00f0i'  itemprop=\"thumbnailUrl\"  ><img decoding=\"async\" class=\"wp-image-3266 avia-img-lazy-loading-not-3266\"  data-avia-tooltip='Dynjandishei\u00f0i' src=\"https:\/\/vdc.is\/iav\/wp-content\/uploads\/2022\/01\/20200804_163852-495x380.jpg\" width=\"495\" height=\"380\"  title='20200804_163852' alt='' \/><\/a> <a href=\"https:\/\/vdc.is\/iav\/wp-content\/uploads\/2022\/01\/dji_0331.jpg\" data-srcset=\"https:\/\/vdc.is\/iav\/wp-content\/uploads\/2022\/01\/dji_0331.jpg 600w, https:\/\/vdc.is\/iav\/wp-content\/uploads\/2022\/01\/dji_0331-300x190.jpg 300w\" data-sizes=\"(max-width: 600px) 100vw, 600px\" data-rel='gallery-1' data-prev-img='https:\/\/vdc.is\/iav\/wp-content\/uploads\/2022\/01\/dji_0331-495x380.jpg' class='lightbox ' data-onclick='3' title='Flughla\u00f0'  itemprop=\"thumbnailUrl\"  ><img decoding=\"async\" class=\"wp-image-3267 avia-img-lazy-loading-not-3267\"  data-avia-tooltip='Flughla\u00f0' src=\"https:\/\/vdc.is\/iav\/wp-content\/uploads\/2022\/01\/dji_0331-495x380.jpg\" width=\"495\" height=\"380\"  title='dji_0331' alt='' \/><\/a><\/div><\/div><br \/>\n<div  class='hr av-13ubli-8c17dfe6c84c1e9f7970f38839de4050 hr-short hr-center '><span class='hr-inner '><span class=\"hr-inner-style\"><\/span><\/span><\/div><\/p><\/div><\/div><\/div><\/div><!-- close content main div --><\/div><\/div><div id='av_section_2'  class='avia-section av-wir66-ed497eded392df6a83fe856c7b4a8a1b alternate_color avia-section-large avia-shadow avia-bg-style-scroll  container_wrap sidebar_right'  ><div class='container av-section-cont-open' ><div class='template-page content  av-content-small alpha units'><div class='post-entry post-entry-type-page post-entry-734'><div class='entry-content-wrapper clearfix'>\n<div class='flex_column av-2kjl2-8c7078d12d0d5071cb34adc062793de5 av_one_half first flex_column_div '   ><section class=\"av_textblock_section \"  itemscope=\"itemscope\" itemtype=\"https:\/\/schema.org\/BlogPosting\" itemprop=\"blogPost\" ><div class='avia_textblock  '   itemprop=\"text\" ><h2 style=\"text-align: right;\">Um \u00cdAV<\/h2>\n<\/div><\/section><br \/>\n<div  class='hr av-jwhry-f65013802310e147281a9af990a40200 hr-short hr-right '><span class='hr-inner '><span class=\"hr-inner-style\"><\/span><\/span><\/div><br \/>\n<section class=\"av_textblock_section \"  itemscope=\"itemscope\" itemtype=\"https:\/\/schema.org\/BlogPosting\" itemprop=\"blogPost\" ><div class='avia_textblock  '   itemprop=\"text\" ><p style=\"text-align: left;\">\u00cdAV er alhli\u00f0a verktakafyrirt\u00e6ki me\u00f0 starfsemi \u00e1 \u00cdslandi og \u00ed Noregi. Hj\u00e1 fyrirt\u00e6kinu starfar samheldinn h\u00f3pur um 240 starfsmanna.\u00a0 Verkefni \u00cdAV eru \u00e1 \u00f6llum svi\u00f0um mannvirkjager\u00f0ar m.a. virkjana- og hafnarframkv\u00e6mdir, vega- og br\u00faarger\u00f0, jar\u00f0ganga- og jar\u00f0vinnuframkv\u00e6mdir auk alhli\u00f0a byggingaframkv\u00e6mda.<\/p>\n<p style=\"text-align: left;\">\u00cdAV er eitt st\u00e6rsta og \u00f6flugasta verktakafyrirt\u00e6ki landsins og b\u00fdr \u00fea\u00f0 yfir \u00e1ratugareynslu \u00ed mannvirkjager\u00f0.<\/p>\n<p style=\"text-align: left;\">Verkefni \u00cdAV eru \u00e1 \u00f6llum svi\u00f0um byggingari\u00f0na\u00f0ar hvort sem um er a\u00f0 r\u00e6\u00f0a \u00edb\u00fa\u00f0arh\u00fasn\u00e6\u00f0i,atvinnuh\u00fasn\u00e6\u00f0i, opinberar byggingar e\u00f0a a\u00f0ra mannvirkjager\u00f0 sem og jar\u00f0gangager\u00f0 og jar\u00f0vinnuframkv\u00e6mdir b\u00e6\u00f0i h\u00e9rlendis og erlendis.<\/p>\n<p style=\"text-align: left;\">\u00cdAV leggjur mikla \u00e1herslu \u00e1 a\u00f0 r\u00e1\u00f0a kraftmikla og frams\u00e6kna einstaklinga til starfa. \u00cd bo\u00f0i er g\u00f3\u00f0 starfsa\u00f0sta\u00f0a starfsmenn eru \u00e1n\u00e6g\u00f0ir me\u00f0 starfsandann og metna\u00f0 innan fyrirt\u00e6kisins.<\/p>\n<\/div><\/section><\/p><\/div><div class='flex_column av-8wkou-853ab735c2727b45e103f667fb4c6545 av_one_half flex_column_div '   ><div  class='avia-icon-list-container av-kyucvt1t-e4dd56532ba20c611c3fed7d5237216e '><ul class='avia-icon-list avia_animate_when_almost_visible avia-icon-list-left av-iconlist-big av-kyucvt1t-e4dd56532ba20c611c3fed7d5237216e avia-iconlist-animate'>\n<li><div class='iconlist_icon av-kyucu1wf-872f263c06096435e97290d6ed4fc221 avia-font-entypo-fontello'><span class='iconlist-char ' aria-hidden='true' data-av_icon='\ue80b' data-av_iconfont='entypo-fontello'><\/span><\/div><article class=\"article-icon-entry \"  itemscope=\"itemscope\" itemtype=\"https:\/\/schema.org\/BlogPosting\" itemprop=\"blogPost\" ><div class='iconlist_content_wrap'><header class=\"entry-content-header\"><h4 class='av_iconlist_title iconlist_title   '  itemprop=\"headline\" >F\u00c6RNI<\/h4><\/header><div class='iconlist_content  '  itemprop=\"text\" ><p>Unni\u00f0 er markvisst a\u00f0 \u00fev\u00ed a\u00f0 <strong>h\u00e6kka<\/strong> \u00feekkingarstig starfsmanna \u00ed n\u00fdr\u00e1\u00f0ningum og me\u00f0 endur- og s\u00edmenntun.<\/p>\n<\/div><\/div><footer class=\"entry-footer\"><\/footer><\/article><div class='iconlist-timeline'><\/div><\/li>\n<li><div class='iconlist_icon av-kyucu6gj-f2ff9bbf781fea43b2f08dded1efd1f2 avia-font-entypo-fontello'><span class='iconlist-char ' aria-hidden='true' data-av_icon='\ue864' data-av_iconfont='entypo-fontello'><\/span><\/div><article class=\"article-icon-entry \"  itemscope=\"itemscope\" itemtype=\"https:\/\/schema.org\/BlogPosting\" itemprop=\"blogPost\" ><div class='iconlist_content_wrap'><header class=\"entry-content-header\"><h4 class='av_iconlist_title iconlist_title   '  itemprop=\"headline\" >FRUMKV\u00c6\u00d0I<\/h4><\/header><div class='iconlist_content  '  itemprop=\"text\" ><p>Starfsf\u00f3lki er gefinn kostur \u00e1 <strong>krefjandi<\/strong> verkefnum sem fulln\u00e6gir <strong>metna\u00f0i<\/strong> \u00feeirra, reynslu og sveigjanleika \u00ed starfi.<\/p>\n<\/div><\/div><footer class=\"entry-footer\"><\/footer><\/article><div class='iconlist-timeline'><\/div><\/li>\n<li><div class='iconlist_icon av-kyucuehi-c780ad26b25a48b883d503ef882d92f6 avia-font-entypo-fontello'><span class='iconlist-char ' aria-hidden='true' data-av_icon='\ue856' data-av_iconfont='entypo-fontello'><\/span><\/div><article class=\"article-icon-entry \"  itemscope=\"itemscope\" itemtype=\"https:\/\/schema.org\/BlogPosting\" itemprop=\"blogPost\" ><div class='iconlist_content_wrap'><header class=\"entry-content-header\"><h4 class='av_iconlist_title iconlist_title   '  itemprop=\"headline\" >FAGMENNSKA<\/h4><\/header><div class='iconlist_content  '  itemprop=\"text\" ><p>Starfsf\u00f3lk \u00cdAV leggur \u00e1herslu \u00e1 <strong>vir\u00f0ingu<\/strong> og traust \u00ed samskiptum vi\u00f0 vi\u00f0skiptavini, hagsmunaa\u00f0ila og s\u00edn \u00e1 milli.<\/p>\n<\/div><\/div><footer class=\"entry-footer\"><\/footer><\/article><div class='iconlist-timeline'><\/div><\/li>\n<\/ul><\/div><\/div><\/div><\/div><\/div><!-- close content main div --><\/div><\/div><div id='after_section_2'  class='main_color av_default_container_wrap container_wrap sidebar_right'  ><div class='container av-section-cont-open' ><div class='template-page content  av-content-small alpha units'><div class='post-entry post-entry-type-page post-entry-734'><div class='entry-content-wrapper clearfix'><\/p>\n","protected":false},"excerpt":{"rendered":"<p>This is a Page excerpt. It will be displayed for search results<\/p>\n","protected":false},"author":1,"featured_media":0,"parent":0,"menu_order":0,"comment_status":"open","ping_status":"open","template":"","meta":{"footnotes":""},"class_list":["post-734","page","type-page","status-publish","hentry"],"_links":{"self":[{"href":"https:\/\/vdc.is\/iav\/wp-json\/wp\/v2\/pages\/734","targetHints":{"allow":["GET"]}}],"collection":[{"href":"https:\/\/vdc.is\/iav\/wp-json\/wp\/v2\/pages"}],"about":[{"href":"https:\/\/vdc.is\/iav\/wp-json\/wp\/v2\/types\/page"}],"author":[{"embeddable":true,"href":"https:\/\/vdc.is\/iav\/wp-json\/wp\/v2\/users\/1"}],"replies":[{"embeddable":true,"href":"https:\/\/vdc.is\/iav\/wp-json\/wp\/v2\/comments?post=734"}],"version-history":[{"count":26,"href":"https:\/\/vdc.is\/iav\/wp-json\/wp\/v2\/pages\/734\/revisions"}],"predecessor-version":[{"id":3300,"href":"https:\/\/vdc.is\/iav\/wp-json\/wp\/v2\/pages\/734\/revisions\/3300"}],"wp:attachment":[{"href":"https:\/\/vdc.is\/iav\/wp-json\/wp\/v2\/media?parent=734"}],"curies":[{"name":"wp","href":"https:\/\/api.w.org\/{rel}","templated":true}]}}